{"id":209,"date":"2024-01-18T09:56:33","date_gmt":"2024-01-18T09:56:33","guid":{"rendered":"https:\/\/staging.now3.de\/?page_id=209"},"modified":"2024-03-27T06:57:02","modified_gmt":"2024-03-27T06:57:02","slug":"team","status":"publish","type":"page","link":"https:\/\/now3.de\/de\/team\/","title":{"rendered":"Team"},"content":{"rendered":"<style>\/*! elementor - v3.20.0 - 26-03-2024 *\/\n.elementor-column .elementor-spacer-inner{height:var(--spacer-size)}.e-con{--container-widget-width:100%}.e-con-inner>.elementor-widget-spacer,.e-con>.elementor-widget-spacer{width:var(--container-widget-width,var(--spacer-size));--align-self:var(--container-widget-align-self,initial);--flex-shrink:0}.e-con-inner>.elementor-widget-spacer>.elementor-widget-container,.e-con>.elementor-widget-spacer>.elementor-widget-container{height:100%;width:100%}.e-con-inner>.elementor-widget-spacer>.elementor-widget-container>.elementor-spacer,.e-con>.elementor-widget-spacer>.elementor-widget-container>.elementor-spacer{height:100%}.e-con-inner>.elementor-widget-spacer>.elementor-widget-container>.elementor-spacer>.elementor-spacer-inner,.e-con>.elementor-widget-spacer>.elementor-widget-container>.elementor-spacer>.elementor-spacer-inner{height:var(--container-widget-height,var(--spacer-size))}.e-con-inner>.elementor-widget-spacer.elementor-widget-empty,.e-con>.elementor-widget-spacer.elementor-widget-empty{position:relative;min-height:22px;min-width:22px}.e-con-inner>.elementor-widget-spacer.elementor-widget-empty .elementor-widget-empty-icon,.e-con>.elementor-widget-spacer.elementor-widget-empty .elementor-widget-empty-icon{position:absolute;top:0;bottom:0;left:0;right:0;margin:auto;padding:0;width:22px;height:22px}<\/style>\n<style>\/*! elementor - v3.20.0 - 26-03-2024 *\/\n.elementor-heading-title{padding:0;margin:0;line-height:1}.elementor-widget-heading .elementor-heading-title[class*=elementor-size-]>a{color:inherit;font-size:inherit;line-height:inherit}.elementor-widget-heading .elementor-heading-title.elementor-size-small{font-size:15px}.elementor-widget-heading .elementor-heading-title.elementor-size-medium{font-size:19px}.elementor-widget-heading .elementor-heading-title.elementor-size-large{font-size:29px}.elementor-widget-heading .elementor-heading-title.elementor-size-xl{font-size:39px}.elementor-widget-heading .elementor-heading-title.elementor-size-xxl{font-size:59px}<\/style>\n<h2>Teammitglieder<\/h2>\n<p>Willkommen bei NOW3 Solar Energy, wo Innovation auf Nachhaltigkeit trifft, um eine leuchtende Zukunft zu erm\u00f6glichen. Als ein eingeschworenes Team, das sich der Nutzung des grenzenlosen Potenzials der Solarenergie verschrieben hat, starten wir eine transformative Reise, um die Zukunft der sauberen und erneuerbaren Energie zu gestalten. Vereint durch unsere Leidenschaft f\u00fcr nachhaltige L\u00f6sungen, bringt NOW3 Solar Energy vielf\u00e4ltige Talente, Fachkenntnisse und unerm\u00fcdliches Engagement zusammen, um die Art und Weise zu revolutionieren, wie wir unsere Welt mit Energie versorgen.<\/p>\n<p>Gemeinsam streben wir danach, eine nachhaltige Energielandschaft zu schaffen, die nicht nur den Bed\u00fcrfnissen von heute gerecht wird, sondern auch eine gr\u00fcnere und widerstandsf\u00e4higere Zukunft f\u00fcr kommende Generationen sicherstellt. Herzlich willkommen in einem Team, das den Weg zu einer saubereren, helleren und nachhaltigeren Welt beleuchtet.<\/p>\n<style>\/*! elementor - v3.20.0 - 26-03-2024 *\/\n.elementor-widget-image{text-align:center}.elementor-widget-image a{display:inline-block}.elementor-widget-image a img[src$=\".svg\"]{width:48px}.elementor-widget-image img{vertical-align:middle;display:inline-block}<\/style>\n<p>\t\t\t\t\t\t\t\t\t\t<img loading=\"lazy\" decoding=\"async\" width=\"847\" height=\"635\" src=\"http:\/\/now3.de\/wp-content\/uploads\/2024\/03\/moga-1024x768.jpg\" alt=\"\" srcset=\"https:\/\/now3.de\/wp-content\/uploads\/2024\/03\/moga-1024x768.jpg 1024w, https:\/\/now3.de\/wp-content\/uploads\/2024\/03\/moga-300x225.jpg 300w, https:\/\/now3.de\/wp-content\/uploads\/2024\/03\/moga-768x576.jpg 768w, https:\/\/now3.de\/wp-content\/uploads\/2024\/03\/moga-1536x1152.jpg 1536w, https:\/\/now3.de\/wp-content\/uploads\/2024\/03\/moga-16x12.jpg 16w, https:\/\/now3.de\/wp-content\/uploads\/2024\/03\/moga-770x578.jpg 770w, https:\/\/now3.de\/wp-content\/uploads\/2024\/03\/moga.jpg 2000w\" sizes=\"auto, (max-width: 847px) 100vw, 847px\" data-id=\"661\" \/><\/p>","protected":false},"excerpt":{"rendered":"<p>Team Members Welcome to NOW3 Solar Energy, where innovation meets sustainability to power a brighter tomorrow. As a cohesive team committed to harnessing the limitless potential of solar energy, we embark on a transformative journey to shape the future of clean and renewable power. United by our passion for sustainable solutions, NOW3 Solar Energy brings together diverse talents, expertise, and relentless dedication to revolutionize the way we power our world.[&hellip;]<\/p>","protected":false},"author":1,"featured_media":0,"parent":0,"menu_order":0,"comment_status":"closed","ping_status":"closed","template":"","meta":{"_acf_changed":false,"om_disable_all_campaigns":false,"_monsterinsights_skip_tracking":false,"_monsterinsights_sitenote_active":false,"_monsterinsights_sitenote_note":"","_monsterinsights_sitenote_category":0,"footnotes":""},"class_list":["post-209","page","type-page","status-publish","hentry"],"acf":[],"aioseo_notices":[],"_links":{"self":[{"href":"https:\/\/now3.de\/de\/wp-json\/wp\/v2\/pages\/209","targetHints":{"allow":["GET"]}}],"collection":[{"href":"https:\/\/now3.de\/de\/wp-json\/wp\/v2\/pages"}],"about":[{"href":"https:\/\/now3.de\/de\/wp-json\/wp\/v2\/types\/page"}],"author":[{"embeddable":true,"href":"https:\/\/now3.de\/de\/wp-json\/wp\/v2\/users\/1"}],"replies":[{"embeddable":true,"href":"https:\/\/now3.de\/de\/wp-json\/wp\/v2\/comments?post=209"}],"version-history":[{"count":14,"href":"https:\/\/now3.de\/de\/wp-json\/wp\/v2\/pages\/209\/revisions"}],"predecessor-version":[{"id":670,"href":"https:\/\/now3.de\/de\/wp-json\/wp\/v2\/pages\/209\/revisions\/670"}],"wp:attachment":[{"href":"https:\/\/now3.de\/de\/wp-json\/wp\/v2\/media?parent=209"}],"curies":[{"name":"wp","href":"https:\/\/api.w.org\/{rel}","templated":true}]}}