{"id":212,"date":"2024-01-18T09:56:33","date_gmt":"2024-01-18T09:56:33","guid":{"rendered":"https:\/\/staging.now3.de\/?page_id=212"},"modified":"2024-03-01T19:50:02","modified_gmt":"2024-03-01T19:50:02","slug":"projects","status":"publish","type":"page","link":"https:\/\/now3.de\/de\/projects\/","title":{"rendered":"Projekte"},"content":{"rendered":"<style>\/*! elementor - v3.19.0 - 07-02-2024 *\/\n.elementor-widget-image{text-align:center}.elementor-widget-image a{display:inline-block}.elementor-widget-image a img[src$=\".svg\"]{width:48px}.elementor-widget-image img{vertical-align:middle;display:inline-block}<\/style>\n<p>\t\t\t\t\t\t\t\t\t\t<img decoding=\"async\" src=\"http:\/\/now3.de\/wp-content\/uploads\/elementor\/thumbs\/bf7a3253-89ef-433c-a3e2-96ce6311c18a-qk8i0k1fzpx9o1q5r6mtuak2gpl4u6mxxw1qy2sdkw.jpg\" title=\"bf7a3253-89ef-433c-a3e2-96ce6311c18a\" alt=\"bf7a3253-89ef-433c-a3e2-96ce6311c18a\" loading=\"lazy\" \/><br \/>\n\t\t\t<a href=\"https:\/\/now3.de\/de\/contact-us\/\"><br \/>\n\t\t\t\t\t\tRuf uns jetzt an<br \/>\n\t\t\t\t\t<\/a><br \/>\n\t\t\t\t\t\t\t\t\t\t\t\t\t<img decoding=\"async\" src=\"http:\/\/now3.de\/wp-content\/uploads\/elementor\/thumbs\/WhatsApp-Image-2024-02-23-at-17.34.23_24d8f87e-qk8j2pbm5ox0oowex9a02dri7wpjw0wlw2yulqlu7s.jpg\" title=\"WhatsApp Image 2024-02-23 at 17.34.23_24d8f87e\" alt=\"WhatsApp Image 2024-02-23 at 17.34.23_24d8f87e\" loading=\"lazy\" \/>\t\t\t\t\t\t\t\t\t\t\t\t\t<\/p>\n<h2>\n\t\t\t\tAnbieter von klimafreundlichen Energiesystemen<br \/>\n\t\t\t<\/h2>\n<p>\t\tAls lokales Unternehmen engagieren wir uns leidenschaftlich daf\u00fcr, klimafreundliche Energiesysteme anzubieten und setzen uns daf\u00fcr ein, dass sowohl in Deutschland als auch in afrikanischen L\u00e4ndern kosteng\u00fcnstige und zukunftsorientierte Energie- und W\u00e4rme-L\u00f6sungen wie Photovoltaik, Batteriespeicher und W\u00e4rmepumpen genutzt werden k\u00f6nnen.<\/p>\n<p>Die Vorteile der Installation von Photovoltaik und Batteriespeichersystemen f\u00fcr ihr Anliegen umfassen:<\/p>\n<ul>\n<li style=\"font-weight: 400;\" aria-level=\"1\">\n<p><b>Erneuerbare Energiequelle: <\/b>Photovoltaik nutzt Sonnenlicht, eine unersch\u00f6pfliche und erneuerbare Energiequelle, um Strom zu erzeugen. Dies reduziert die Abh\u00e4ngigkeit von fossilen Brennstoffen und mindert die negativen Umweltauswirkungen.<\/p>\n<\/li>\n<li style=\"font-weight: 400;\" aria-level=\"1\">\n<p><b>Kosteneinsparungen: <\/b>Durch die Installation einer Photovoltaikanlage k\u00f6nnen Haushalte und Unternehmen ihre Stromrechnungen senken, da sie einen Teil oder sogar die gesamte ben\u00f6tigte Energie selbst erzeugen k\u00f6nnen. Batteriespeicher erm\u00f6glichen zudem die Speicherung \u00fcbersch\u00fcssiger Energie f\u00fcr den sp\u00e4teren Verbrauch, was die Effizienz erh\u00f6ht und die Abh\u00e4ngigkeit vom Stromnetz verringert.<\/p>\n<\/li>\n<li style=\"font-weight: 400;\" aria-level=\"1\">\n<p><b>Netzunabh\u00e4ngigkeit: <\/b>Mit Batteriespeichern k\u00f6nnen Verbraucher unabh\u00e4ngiger vom Stromnetz werden, indem sie \u00fcbersch\u00fcssige Energie tags\u00fcber speichern und sie nachts oder bei Stromausf\u00e4llen nutzen. Dies ist besonders n\u00fctzlich in abgelegenen Gebieten oder bei unzuverl\u00e4ssiger Stromversorgung.<\/p>\n<\/li>\n<\/ul>\n<h4>\n\t\t\t\tProjekte<br \/>\n\t\t\t<\/h4>\n<h2>\n\t\t\t\tAbgeschlossene Projekte<br \/>\n\t\t\t<\/h2>\n<p>\t\t\t\t\t\t\t\t\t\t\t\t\t<img decoding=\"async\" src=\"http:\/\/now3.de\/wp-content\/uploads\/elementor\/thumbs\/WhatsApp-Image-2024-02-21-at-19.56.08_da465580-qk6h9vk8si9m0e8mavqgc004umvbhqa1sy6ghaddv2.jpg\" title=\"WhatsApp Image 2024-02-21 at 19.56.08_da465580\" alt=\"WhatsApp Image 2024-02-21 at 19.56.08_da465580\" loading=\"lazy\" \/>\t\t\t\t\t\t\t\t\t\t\t\t\t<\/p>\n<h2>\n\t\t\t\t\t\tMULTI PROJEKT<br \/>\n\t\t\t\t\t<\/h2>\n<h4>\n\t\t\t\t\t\tAachen, Germany<br \/>\n\t\t\t\t\t<\/h4>\n<p>\t\t\t\t\t\tAachen setzt erneut auf Nachhaltigkeit mit einer beeindruckenden neuen h\u00e4uslichen Solarinstallation durch Now3, einen f\u00fchrenden deutschen Solaranbieter. Dieses Projekt erm\u00f6glicht es einem lokalen Hausbesitzer, sauberere Energie, Kosteneinsparungen und einen reduzierten \u00f6kologischen Fu\u00dfabdruck zu genie\u00dfen.<br \/>\n\t\t\t<!-- .cspt-ihbox-contents --><br \/>\n\t\t\t\t\t\t\t\t\t\t\t\t\t<img decoding=\"async\" src=\"http:\/\/now3.de\/wp-content\/uploads\/elementor\/thumbs\/WhatsApp-Image-2024-03-01-at-21.44.52_f12741a9-qkl0mo45jlw4l2xpax1qtlaou6zycyx6u7tmjixu9a.jpg\" title=\"WhatsApp Image 2024-03-01 at 21.44.52_f12741a9\" alt=\"WhatsApp Image 2024-03-01 at 21.44.52_f12741a9\" loading=\"lazy\" \/>\t\t\t\t\t\t\t\t\t\t\t\t\t<\/p>\n<h2>\n\t\t\t\t\t\tElephant Heaven, Botswana<br \/>\n\t\t\t\t\t<\/h2>\n<h4>\n\t\t\t\t\t\tBotswana<br \/>\n\t\t\t\t\t<\/h4>\n<p>\t\t\t\t\t\tNestled in the heart of Botswana&#8217;s Okavango Delta shines a beacon of hope: The Elephant Haven solar project brings sustainable energy to a sanctuary dedicated to protecting Botswana&#8217;s endangered elephant wilderness. Instead of noisy generators, the gentle hum of solar panels now resonates, harnessing the inexhaustible power of the sun to support conservation efforts. By embracing renewable energy, Elephant Haven Botswana demonstrates its commitment to environmental conservation and sustainability, setting an inspiring example for the protection of endangered species and their habitats.<br \/>\n\t\t\t<!-- .cspt-ihbox-contents --><br \/>\n\t\t\t\t\t\t\t\t\t\t\t\t\t<img decoding=\"async\" src=\"http:\/\/now3.de\/wp-content\/uploads\/elementor\/thumbs\/WhatsApp-Image-2024-02-25-at-10.02.33_2a2d59a7-qkd9iwg5mv9689vp7pqdd3ztc365e1z6qdp69sv71q.jpg\" title=\"WhatsApp Image 2024-02-25 at 10.02.33_2a2d59a7\" alt=\"WhatsApp Image 2024-02-25 at 10.02.33_2a2d59a7\" loading=\"lazy\" \/>\t\t\t\t\t\t\t\t\t\t\t\t\t<\/p>\n<h2>\n\t\t\t\t\t\tW\u00e4rmepump Installation<br \/>\n\t\t\t\t\t<\/h2>\n<h4>\n\t\t\t\t\t\tAachen, Germany<br \/>\n\t\t\t\t\t<\/h4>\n<p>\t\t\t\t\t\tDieses Projekt ist ein bemerkenswertes Beispiel f\u00fcr nachhaltige Entwicklung direkt hier in der Region Aachen. Der f\u00fchrende Solaranbieter Now3 aus Erkrath, Nordrhein-Westfalen, hat erfolgreich eine 10 kWp Photovoltaik-Anlage in einem Wohngebiet installiert. Damit erm\u00f6glicht Now3 einem zufriedenen Kunden eine Zukunft, die sauberer und unabh\u00e4ngiger von herk\u00f6mmlichen Energiequellen ist.<br \/>\n\t\t\t<!-- .cspt-ihbox-contents --><\/p>","protected":false},"excerpt":{"rendered":"<p>Call Us Now Provider of Climate-Friendly Energy Systems As a local company, we are passionately committed to offering climate-friendly energy systems. We advocate for the adoption of cost-effective and forward-thinking energy and heating solutions like photovoltaic, battery storage, and heat pumps in both Germany and African countries. The benefits of installing photovoltaic and battery storage systems include: Renewable Energy Source: Photovoltaic harnesses sunlight, an inexhaustible and renewable energy source, to[&hellip;]<\/p>","protected":false},"author":1,"featured_media":0,"parent":0,"menu_order":0,"comment_status":"closed","ping_status":"closed","template":"","meta":{"_acf_changed":false,"om_disable_all_campaigns":false,"_monsterinsights_skip_tracking":false,"_monsterinsights_sitenote_active":false,"_monsterinsights_sitenote_note":"","_monsterinsights_sitenote_category":0,"footnotes":""},"class_list":["post-212","page","type-page","status-publish","hentry"],"acf":[],"aioseo_notices":[],"_links":{"self":[{"href":"https:\/\/now3.de\/de\/wp-json\/wp\/v2\/pages\/212","targetHints":{"allow":["GET"]}}],"collection":[{"href":"https:\/\/now3.de\/de\/wp-json\/wp\/v2\/pages"}],"about":[{"href":"https:\/\/now3.de\/de\/wp-json\/wp\/v2\/types\/page"}],"author":[{"embeddable":true,"href":"https:\/\/now3.de\/de\/wp-json\/wp\/v2\/users\/1"}],"replies":[{"embeddable":true,"href":"https:\/\/now3.de\/de\/wp-json\/wp\/v2\/comments?post=212"}],"version-history":[{"count":32,"href":"https:\/\/now3.de\/de\/wp-json\/wp\/v2\/pages\/212\/revisions"}],"predecessor-version":[{"id":653,"href":"https:\/\/now3.de\/de\/wp-json\/wp\/v2\/pages\/212\/revisions\/653"}],"wp:attachment":[{"href":"https:\/\/now3.de\/de\/wp-json\/wp\/v2\/media?parent=212"}],"curies":[{"name":"wp","href":"https:\/\/api.w.org\/{rel}","templated":true}]}}