{"id":330,"date":"2024-01-19T07:59:36","date_gmt":"2024-01-19T07:59:36","guid":{"rendered":"https:\/\/now3.de\/?page_id=330"},"modified":"2024-02-26T11:59:17","modified_gmt":"2024-02-26T11:59:17","slug":"heat-pump","status":"publish","type":"page","link":"https:\/\/now3.de\/de\/heat-pump\/","title":{"rendered":"W\u00e4rmepumpe"},"content":{"rendered":"<style>\/*! elementor - v3.19.0 - 07-02-2024 *\/\n.elementor-widget-image{text-align:center}.elementor-widget-image a{display:inline-block}.elementor-widget-image a img[src$=\".svg\"]{width:48px}.elementor-widget-image img{vertical-align:middle;display:inline-block}<\/style>\n<p>\t\t\t\t\t\t\t\t\t\t<img loading=\"lazy\" decoding=\"async\" width=\"600\" height=\"750\" src=\"http:\/\/now3.de\/wp-content\/uploads\/2024\/02\/WhatsApp-Image-2024-02-25-at-10.02.33_ede9ab80-600x750.jpg\" alt=\"\" srcset=\"https:\/\/now3.de\/wp-content\/uploads\/2024\/02\/WhatsApp-Image-2024-02-25-at-10.02.33_ede9ab80-600x750.jpg 600w, https:\/\/now3.de\/wp-content\/uploads\/2024\/02\/WhatsApp-Image-2024-02-25-at-10.02.33_ede9ab80-9x12.jpg 9w\" sizes=\"auto, (max-width: 600px) 100vw, 600px\" data-id=\"601\" \/>\t\t\t\t\t\t\t\t\t\t\t\t\t<\/p>\n<p>Sie sich die innovativen und nachhaltigen Heizsysteme der Zukunft<\/p>\n<p>W\u00e4rmepumpen sind Anlagen, welche mit Hilfe von zugef\u00fchrter Energie, thermische Energie aus einem Reservoir mit niedrigerer Temperatur aufnehmen und diese als Nutzw\u00e4rme mit h\u00f6herer Temperatur auf ein zu beheizendes System \u00fcbertragen. Als W\u00e4rmequellen dienen dabei meist die Umgebungsluft, der Erdboden oder das Grundwasser, es k\u00f6nnen aber auch industrielle Abw\u00e4rme oder Abwasser genutzt werden.<\/p>\n<p>Das Vielfache dessen, was im Jahresschnitt als W\u00e4rmeenergie aus der zugef\u00fchrten Antriebsenergie gewonnen wird, wird als Jahresarbeitszahl bezeichnet. Diese ist umso gr\u00f6\u00dfer, je h\u00f6her die Temperatur der nutzbaren Umweltw\u00e4rme und je niedriger die der ben\u00f6tigten Heiztemperatur ist.<\/p>\n<p>In Mitteleuropa werden so f\u00fcr Heizsysteme Jahresarbeitszahlen von etwa 3 bis 5 erreicht. Abschlie\u00dfend kann man sagen, dass W\u00e4rmepumpen deutlich effizienter als reine Elektroheizungen sind, da diese die schon vorhandene thermische Energie nur noch durch Antriebsenergie umleiten muss, anstatt diese vollst\u00e4ndig selbst zu erzeugen.Rot, da nicht 100% sicher ob fachlich korrekt<\/p>\n<p>\u00a0<\/p>\n<p>\t\t\t<img decoding=\"async\" src=\"http:\/\/now3.de\/wp-content\/uploads\/2024\/02\/WhatsApp-Image-2024-02-25-at-10.02.34_23a6a68c.jpg\" alt=\"img\" \/><img decoding=\"async\" src=\"http:\/\/now3.de\/wp-content\/uploads\/2024\/02\/WhatsApp-Image-2024-02-25-at-10.02.33_2a2d59a7.jpg\" alt=\"img\" \/><img decoding=\"async\" src=\"http:\/\/now3.de\/wp-content\/uploads\/2024\/02\/WhatsApp-Image-2024-02-25-at-10.02.35_c3f09182.jpg\" alt=\"img\" \/><br \/>\n\t\t<!-- .creativesplanet-element-inner -->   <!-- .creativesplanet-element --><\/p>","protected":false},"excerpt":{"rendered":"<p>Secure the innovative and sustainable heating systems of the future Heat pumps are systems that use external energy to extract thermal energy from a reservoir with a lower temperature and transfer it as usable heat with a higher temperature to a system to be heated. The heat sources are usually the surrounding air, the ground or groundwater, but industrial waste heat or wastewater can also be used. The multiple of[&hellip;]<\/p>","protected":false},"author":1,"featured_media":0,"parent":0,"menu_order":0,"comment_status":"closed","ping_status":"closed","template":"","meta":{"_acf_changed":false,"om_disable_all_campaigns":false,"_monsterinsights_skip_tracking":false,"_monsterinsights_sitenote_active":false,"_monsterinsights_sitenote_note":"","_monsterinsights_sitenote_category":0,"footnotes":""},"class_list":["post-330","page","type-page","status-publish","hentry"],"acf":[],"aioseo_notices":[],"_links":{"self":[{"href":"https:\/\/now3.de\/de\/wp-json\/wp\/v2\/pages\/330","targetHints":{"allow":["GET"]}}],"collection":[{"href":"https:\/\/now3.de\/de\/wp-json\/wp\/v2\/pages"}],"about":[{"href":"https:\/\/now3.de\/de\/wp-json\/wp\/v2\/types\/page"}],"author":[{"embeddable":true,"href":"https:\/\/now3.de\/de\/wp-json\/wp\/v2\/users\/1"}],"replies":[{"embeddable":true,"href":"https:\/\/now3.de\/de\/wp-json\/wp\/v2\/comments?post=330"}],"version-history":[{"count":14,"href":"https:\/\/now3.de\/de\/wp-json\/wp\/v2\/pages\/330\/revisions"}],"predecessor-version":[{"id":617,"href":"https:\/\/now3.de\/de\/wp-json\/wp\/v2\/pages\/330\/revisions\/617"}],"wp:attachment":[{"href":"https:\/\/now3.de\/de\/wp-json\/wp\/v2\/media?parent=330"}],"curies":[{"name":"wp","href":"https:\/\/api.w.org\/{rel}","templated":true}]}}