{"id":384,"date":"2024-01-19T13:32:09","date_gmt":"2024-01-19T13:32:09","guid":{"rendered":"https:\/\/now3.de\/?page_id=384"},"modified":"2024-01-19T13:41:21","modified_gmt":"2024-01-19T13:41:21","slug":"photovoltaics","status":"publish","type":"page","link":"https:\/\/now3.de\/de\/photovoltaics\/","title":{"rendered":"Photovoltaik"},"content":{"rendered":"<style>\/*! elementor - v3.18.0 - 20-12-2023 *\/\n.elementor-heading-title{padding:0;margin:0;line-height:1}.elementor-widget-heading .elementor-heading-title[class*=elementor-size-]>a{color:inherit;font-size:inherit;line-height:inherit}.elementor-widget-heading .elementor-heading-title.elementor-size-small{font-size:15px}.elementor-widget-heading .elementor-heading-title.elementor-size-medium{font-size:19px}.elementor-widget-heading .elementor-heading-title.elementor-size-large{font-size:29px}.elementor-widget-heading .elementor-heading-title.elementor-size-xl{font-size:39px}.elementor-widget-heading .elementor-heading-title.elementor-size-xxl{font-size:59px}<\/style>\n<h2>Unabh\u00e4ngigkeit durch Sonnenenergie f\u00fcr Ihr Zuhause oder Betrieb<\/h2>\n<p>\t\t<lottie-player src=\"https:\/\/assets1.lottiefiles.com\/packages\/lf20_ZShBKR.json\"  background=\"transparent\"  speed=\"1\"  style=\"width: 100%; height: 100%;\"  loop autoplay><\/lottie-player><\/p>\n<p data-sourcepos=\"5:1-5:187\">Die als Photovoltaik bekannte Umwandlung von Sonnenlicht in Elektrizit\u00e4t wird immer popul\u00e4rer. Doch warum ist diese alternative Energiequelle so beliebt und wie funktioniert diese eigentlich?<\/p>\n<p data-sourcepos=\"7:1-7:323\">Kostenlose Stromerzeugung, dauerhafte Senkung der Stromkosten, Schutz vor steigenden Strompreisen, eine zuverl\u00e4ssige Lieferung elektrischer Energie \u00fcber einen langen Zeitraum, sowie die Vielf\u00e4ltigen Einsatzweisen &amp; Anrbingungsweisen sind nur einige Argumente, die f\u00fcr die Erwerbung einer Solarenergieanlage sprechen und daf\u00fcr sorgen, dass Photovoltaikanlagen die deutsche Energiepolitik immer st\u00e4rker mitgestalten.<\/p>\n<p data-sourcepos=\"9:1-9:605\">Die Funktionsweise dieser Anlagen l\u00e4sst sich auf die Beschaffenheit der einzelnen Photovoltaik module, welche in der Gesamtheit die Anlagen bilden, zur\u00fcckf\u00fchren. In 90% aller F\u00e4lle bestehen diese aus rechteckigen Silizium-Solarzellen. Da die Erdkruste zu etwa 28% aus Silizium besteht und damit regelrecht unbegrenzt zur Verf\u00fcgung steht, ist die Entwicklung und Produktion dieser Anlagen auch in Zukunft aussichtsreich und gesichert. Neben dem Siliziumanteil wird f\u00fcr die Herstellung der Module zudem ein kleiner Anteil Aluminium und Silber ben\u00f6tigt, wobei letzteres in absehbarer Zeit weitestgehend durch Kupfer ersetzt werden kann.<\/p>\n<p data-sourcepos=\"11:1-11:258\">In den Solarzellen, dem Grundbaustein einer Photovoltaik anlage, wird die Energie des Sonnenlichts vom Silizium absorbiert und in elektrische Energie umgewandelt. Dabei gilt: Je intensiver die Sonneneinstrahlung, desto gr\u00f6\u00dfer die von der PV-Anlage produzierte Strommenge.<\/p>\n<p data-sourcepos=\"13:1-13:148\">Aktuelle Spitzenmodule haben dabei einen Wirkungsgrad von 20%, welcher angibt, wie viel auf Photovoltaikmodule auftretende Sonnenenergie in Elektrizit\u00e4t umgewandelt wird.<\/p>\n<p data-sourcepos=\"15:1-15:434\">Auch im Thema Nachhaltigkeit ist Solarenergie ein Vorreiter: Je nach Technologie und Standort aktueller Photovoltaik anlagen, haben diese bereits nach etwa 5 bis 18 Monaten so viel Energie erzeugt, wie f\u00fcr deren Herstellung, Betrieb und Entsorgung ben\u00f6tigt wird. Die Lebensdauer aktueller PV-Module betr\u00e4gt durchschnittlich 25 bis 30 Jahre. Dazu kommt, dass heutzutage schon 96% der festen Stoffe in Photovoltaik-Modulen recycelt werden k\u00f6nnen.<\/p>\n<p data-sourcepos=\"19:1-19:61\"><b>Optimierte Netzentlastung durch effiziente Speicherl\u00f6sungen<\/b><\/p>\n<p data-sourcepos=\"21:1-21:119\">Unsere Energiespeicher erm\u00f6glichen euch Schwankungen der photovoltaischen Energieerzeugung nachhaltig auszugleichen Die St\u00e4rke der Sonneneinstrahlung schwankt t\u00e4glich und monatlich, mittags scheint die Sonne in der Regel st\u00e4rker als abends und im Sommer st\u00e4rker als im Winter.Durch auf Lithium Basis konstruierte Batteriespeicher k\u00f6nnen diese Probleme allerdings mit Leichtigkeit umgangen werden, da unsere Speicheranlagen es erm\u00f6glichen, den Zeitpunkt der Einspeisung von dem Zeitpunkt des Verbrauchs von Energie zu entkoppeln.<\/p>\n<p data-sourcepos=\"25:1-25:225\">Dabei ist es wichtig, dass die Speicherkapazit\u00e4t in einem erneuerbaren Energiesystem gro\u00df genug ist, um auch zum Zeitpunkt der niedrigsten Energieerzeugung m\u00f6glichst viel Energie aufnehmen zu k\u00f6nnen, um den tats\u00e4chlichen Energiebedarf zu decken.<\/p>\n<p data-sourcepos=\"27:1-27:29\"><b>Internationale Kooperationen<\/b><\/p>\n<p data-sourcepos=\"29:1-29:215\">Um unseren Kunden g\u00fcnstige sowie hocheffiziente und flexible Photovoltaik Produkte zur Verf\u00fcgung stellen zu k\u00f6nnen, bieten wir Ihnen gemeinsam mit unseren Partnern vielversprechende und innovative Container L\u00f6sungen im MWh Bereich an.<\/p>\n<p data-sourcepos=\"31:1-31:260\">Des Weiteren stellen wir unsere Lieferketten divers auf und beziehen unsere Ressourcen aus wachsenden M\u00e4rkten wie dem in S\u00fcdafrika, um nachhaltig bilaterale Zusammenarbeit auf Augenh\u00f6he zu f\u00f6rdern und bei der Entwicklung eines aufstrebenden Wirtschaftsgebiets zu helfen.<\/p>\n<p data-sourcepos=\"33:1-33:84\"><b>Photovoltaik f\u00fcr dein Auto? Unsere Ladestationen machen Elektromobilit\u00e4t m\u00f6glich!<\/b><\/p>\n<p data-sourcepos=\"35:1-35:142\">Elektroautos sind die Fahrzeuge der Zukunft, doch nur mit CO2-freier Elektrizit\u00e4t, halten sie ihr Versprechen von mehr Nachhaltigkeit wirklich! \nPKWs die mit einem Elektromotor und einer Batterie aus Lithium-Ionen-Akkus angetrieben werden, besitzen den gro\u00dfen Vorteil dass die Elektrizit\u00e4t direkt getankt werden kann, ohne diese im Vorhinein in Wasserstoff oder synthetische Kraftstoffe umwandeln zu m\u00fcssen. So kann man den bei der Umwandlung entstehenden Energieverlust vermeiden. Dazu kommt, dass E-Fahrzeuge einen Energiebedarf haben, der dreimal so niedrig wie der von Benzinern ist und zudem weniger Verschlei\u00dfteile besitzen, was zu deutlich geringeren Wartungskosten und -Intervallen f\u00fchrt.<\/p>\n<p data-sourcepos=\"39:1-39:206\">Wenn Sie Ihr Auto mit Ihrer eigenen Photovoltaik anlage in Kombination mit einem Energiespeicher laden, reduzieren Sie nicht nur Ihren \u00f6kologischen Fu\u00dfabdruck, sondern senken auch die Kosten f\u00fcr beim Laden genutzte kWh.<\/p>\n<p data-sourcepos=\"17:1-17:506\">Um diese Zahlen und Informationen zu verdeutlichen kann man sich folgendes Beispiel anschauen: eine in Deutschland optimal ausgerichtete Anlage mit einer Leistung von 1 kWp, produzieren je nach Standort etwa 800-1100 kWh elektrischer Energie pro Jahr, dies entspricht etwa einem Viertel des durchschnittlichen privaten elektrischen Energieverbrauchs einer vierk\u00f6pfigen Familie in Deutschland, was die Solarenergie vor allem in Zeiten der Energiekrise und des Klimawandels zu einer wirtschaftlich attraktiven und gleichzeitig nachhaltigen Option macht.<\/p>","protected":false},"excerpt":{"rendered":"<p>Independence through solar energy for your home or business The conversion of sunlight into electricity, known as photovoltaics, is becoming increasingly popular. But why is this alternative energy source so popular, and how does it actually work? Free electricity generation, permanent reduction in electricity costs, protection from rising electricity prices, a reliable supply of electrical energy over a long period of time, as well as the wide range of applications[&hellip;]<\/p>","protected":false},"author":1,"featured_media":0,"parent":0,"menu_order":0,"comment_status":"closed","ping_status":"closed","template":"","meta":{"_acf_changed":false,"om_disable_all_campaigns":false,"_monsterinsights_skip_tracking":false,"_monsterinsights_sitenote_active":false,"_monsterinsights_sitenote_note":"","_monsterinsights_sitenote_category":0,"footnotes":""},"class_list":["post-384","page","type-page","status-publish","hentry"],"acf":[],"aioseo_notices":[],"_links":{"self":[{"href":"https:\/\/now3.de\/de\/wp-json\/wp\/v2\/pages\/384","targetHints":{"allow":["GET"]}}],"collection":[{"href":"https:\/\/now3.de\/de\/wp-json\/wp\/v2\/pages"}],"about":[{"href":"https:\/\/now3.de\/de\/wp-json\/wp\/v2\/types\/page"}],"author":[{"embeddable":true,"href":"https:\/\/now3.de\/de\/wp-json\/wp\/v2\/users\/1"}],"replies":[{"embeddable":true,"href":"https:\/\/now3.de\/de\/wp-json\/wp\/v2\/comments?post=384"}],"version-history":[{"count":8,"href":"https:\/\/now3.de\/de\/wp-json\/wp\/v2\/pages\/384\/revisions"}],"predecessor-version":[{"id":392,"href":"https:\/\/now3.de\/de\/wp-json\/wp\/v2\/pages\/384\/revisions\/392"}],"wp:attachment":[{"href":"https:\/\/now3.de\/de\/wp-json\/wp\/v2\/media?parent=384"}],"curies":[{"name":"wp","href":"https:\/\/api.w.org\/{rel}","templated":true}]}}