{"id":630,"date":"2024-03-01T18:57:00","date_gmt":"2024-03-01T18:57:00","guid":{"rendered":"https:\/\/now3.de\/?page_id=630"},"modified":"2024-03-04T13:06:42","modified_gmt":"2024-03-04T13:06:42","slug":"battery-storage","status":"publish","type":"page","link":"https:\/\/now3.de\/de\/battery-storage\/","title":{"rendered":"Batteriespeicher"},"content":{"rendered":"<style>\/*! elementor - v3.19.0 - 07-02-2024 *\/\n.elementor-widget-image{text-align:center}.elementor-widget-image a{display:inline-block}.elementor-widget-image a img[src$=\".svg\"]{width:48px}.elementor-widget-image img{vertical-align:middle;display:inline-block}<\/style>\n<p>\t\t\t\t\t\t\t\t\t\t<img loading=\"lazy\" decoding=\"async\" width=\"600\" height=\"750\" src=\"http:\/\/now3.de\/wp-content\/uploads\/2024\/03\/WhatsApp-Image-2024-02-29-at-11.48.33_fe530749-600x750.jpg\" alt=\"\" data-id=\"638\" \/>\t\t\t\t\t\t\t\t\t\t\t\t\t<\/p>\n<h1><b>Batteriespeicher<\/b><\/h1>\n<p>\u200b\u200bBatteriespeicher spielen eine entscheidende Rolle bei der Integration erneuerbarer Energien in das Stromnetz und bei der Stabilisierung des Netzbetriebs. Hier sind einige Gr\u00fcnde, warum Gro\u00dfbatteriespeicher eine vielversprechende Zukunft haben:<\/p>\n<p><b>Integration erneuerbarer Energien: <\/b>Gro\u00dfbatteriespeicher k\u00f6nnen dazu beitragen, die Volatilit\u00e4t und intermittierende Natur erneuerbarer Energiequellen wie Wind- und Solarenergie auszugleichen, indem sie \u00fcbersch\u00fcssige Energie speichern, wenn sie verf\u00fcgbar ist, und sie bei Bedarf ins Netz einspeisen.<\/p>\n<p><b>Netzstabilisierung: <\/b>Batteriespeicher k\u00f6nnen schnell auf Fluktuationen in der Stromerzeugung und -nachfrage reagieren, um das Netz stabil zu halten. Sie k\u00f6nnen Spitzenlasten abfangen, Frequenzschwankungen ausgleichen und die Netzstabilit\u00e4t verbessern.<\/p>\n<p><b>Kostenreduktion: <\/b>Die Kosten f\u00fcr Batteriespeicher sind in den letzten Jahren erheblich gesunken, was sie wirtschaftlicher macht und ihre Rentabilit\u00e4t steigert. Dies tr\u00e4gt zur Reduzierung der Gesamtkosten des Stromnetzes bei.<\/p>\n<\/p>\n<p><b>Netzausbau vermeiden: <\/b>Durch den Einsatz von Batteriespeichern k\u00f6nnen Netzausbauprojekte vermieden oder zumindest verz\u00f6gert werden, da sie die Flexibilit\u00e4t bieten, die f\u00fcr eine effiziente Nutzung vorhandener Ressourcen erforderlich ist.<\/p>\n<p><b>Energiesicherheit: <\/b>Gro\u00dfbatteriespeicher k\u00f6nnen eine zuverl\u00e4ssige Energieversorgung in Notfallsituationen wie Stromausf\u00e4llen oder Naturkatastrophen gew\u00e4hrleisten, indem sie eine kurzfristige Energiequelle bereitstellen.<\/p>\n<p>Insgesamt sind Gro\u00dfbatteriespeicher ein wichtiger Bestandteil der zuk\u00fcnftigen Energiesysteme, insbesondere im Kontext einer verst\u00e4rkten Nutzung erneuerbarer Energien und der Notwendigkeit, die Energieinfrastruktur auf eine nachhaltigere und flexiblere Basis umzustellen.<\/p>\n<p>\u00a0<\/p>\n<p>\t\t\t\t\t\t\t\t\t\t\t\t\t<img loading=\"lazy\" decoding=\"async\" width=\"651\" height=\"383\" src=\"http:\/\/now3.de\/wp-content\/uploads\/2024\/03\/WhatsApp-Image-2024-02-29-at-11.49.14_8a6cc550.jpg\" alt=\"\" srcset=\"https:\/\/now3.de\/wp-content\/uploads\/2024\/03\/WhatsApp-Image-2024-02-29-at-11.49.14_8a6cc550.jpg 651w, https:\/\/now3.de\/wp-content\/uploads\/2024\/03\/WhatsApp-Image-2024-02-29-at-11.49.14_8a6cc550-300x176.jpg 300w, https:\/\/now3.de\/wp-content\/uploads\/2024\/03\/WhatsApp-Image-2024-02-29-at-11.49.14_8a6cc550-18x12.jpg 18w\" sizes=\"auto, (max-width: 651px) 100vw, 651px\" data-id=\"639\" \/><\/p>","protected":false},"excerpt":{"rendered":"<p>Battery Storage Battery storage plays a crucial role in integrating renewable energies into the power grid and stabilizing grid operations. Here are some reasons why large-scale battery storage has a promising future: Integration of renewable energies: Large-scale battery storage can help balance the volatility and intermittent nature of renewable energy sources such as wind and solar power by storing excess energy when available and supplying it to the grid when[&hellip;]<\/p>","protected":false},"author":1,"featured_media":0,"parent":0,"menu_order":0,"comment_status":"closed","ping_status":"closed","template":"","meta":{"_acf_changed":false,"om_disable_all_campaigns":false,"_monsterinsights_skip_tracking":false,"_monsterinsights_sitenote_active":false,"_monsterinsights_sitenote_note":"","_monsterinsights_sitenote_category":0,"footnotes":""},"class_list":["post-630","page","type-page","status-publish","hentry"],"acf":[],"aioseo_notices":[],"_links":{"self":[{"href":"https:\/\/now3.de\/de\/wp-json\/wp\/v2\/pages\/630","targetHints":{"allow":["GET"]}}],"collection":[{"href":"https:\/\/now3.de\/de\/wp-json\/wp\/v2\/pages"}],"about":[{"href":"https:\/\/now3.de\/de\/wp-json\/wp\/v2\/types\/page"}],"author":[{"embeddable":true,"href":"https:\/\/now3.de\/de\/wp-json\/wp\/v2\/users\/1"}],"replies":[{"embeddable":true,"href":"https:\/\/now3.de\/de\/wp-json\/wp\/v2\/comments?post=630"}],"version-history":[{"count":11,"href":"https:\/\/now3.de\/de\/wp-json\/wp\/v2\/pages\/630\/revisions"}],"predecessor-version":[{"id":656,"href":"https:\/\/now3.de\/de\/wp-json\/wp\/v2\/pages\/630\/revisions\/656"}],"wp:attachment":[{"href":"https:\/\/now3.de\/de\/wp-json\/wp\/v2\/media?parent=630"}],"curies":[{"name":"wp","href":"https:\/\/api.w.org\/{rel}","templated":true}]}}