{"id":83,"date":"2022-02-14T07:17:07","date_gmt":"2022-02-14T07:17:07","guid":{"rendered":"http:\/\/demo.creativesplanet.com\/greenly\/elementor-datasite\/?page_id=18955"},"modified":"2024-02-21T20:26:50","modified_gmt":"2024-02-21T20:26:50","slug":"about-us","status":"publish","type":"page","link":"https:\/\/now3.de\/de\/about-us\/","title":{"rendered":"\u00dcber uns"},"content":{"rendered":"<p><lottie-player src=\"https:\/\/assets2.lottiefiles.com\/packages\/lf20_gfch7dde.json\"  background=\"transparent\"  speed=\"1\"  style=\"width: 100%; height: 100%;\"  loop autoplay><\/lottie-player><br \/>\n\t\t\t\t\t<!-- .cspt-lottie-contents --><\/p>\n<h2>\n\t\t\t\tWesen der Innovation<br \/>\n\t\t\t<\/h2>\n<p>Gegr\u00fcndet mit der Vision, die Energielandschaft zu revolutionieren, setzt sich Now3 Solar Energy daf\u00fcr ein, die grenzenlose Kraft der Sonne zu nutzen, um eine nachhaltige und umweltfreundliche Welt zu schaffen.<\/p>\n<h2>\n\t\t\t\t\t\tSaubere und Erneuerbare Energien<br \/>\n\t\t\t\t\t<\/h2>\n<p>\t\t\t\t\t\t\t\t\t\t\t\tSolar energy is a clean and renewable source of power. By harnessing the sun&#8217;s rays, we reduce our reliance on finite fossil fuels, mitigating environmental impact and helping combat climate change. \t\t\t\t\t\t\t<!-- .cspt-ihbox-contents --><\/p>\n<h2>\n\t\t\t\t\t\tTechnologische Fortschritte<br \/>\n\t\t\t\t\t<\/h2>\n<p>\t\t\t\t\t\t\t\t\t\t\t\t Bei Now3 bleiben wir an der Spitze dieser Innovationen und stellen sicher, dass unsere Kunden von den neuesten und effizientesten Solartechnologien profitieren.\t\t\t\t\t\t\t<!-- .cspt-ihbox-contents --><\/p>\n<p data-sourcepos=\"15:1-15:10\"><strong>VISION<\/strong><\/p>\n<ul>\n<li data-sourcepos=\"17:1-17:37\">Verringerung des \u00f6kologischen Fu\u00dfabdrucks<\/li>\n<\/ul>\n<p data-sourcepos=\"19:1-19:11\"><strong>MISSION<\/strong><\/p>\n<ul data-sourcepos=\"21:1-27:0\">\n<li data-sourcepos=\"21:1-21:128\">\n<p data-sourcepos=\"21:3-21:128\">Sowohl den Lebenswandel in Afrika und Europa als auch den \u00f6kologischen Fu\u00dfabdruck eines jeden Menschen \u00f6kologisch nachhaltig zu gestalten.<\/p>\n<\/li>\n<li data-sourcepos=\"22:1-22:83\">\n<p data-sourcepos=\"22:3-22:83\">Den Ressourcenverbrauch und die Emissionen durch die Nutzung von erneuerbaren Energien reduzieren<\/p>\n<\/li>\n<li data-sourcepos=\"23:1-23:48\">\n<p data-sourcepos=\"23:3-23:48\">Nachhaltige und effiziente Mobilit\u00e4t anbieten.<\/p>\n<\/li>\n<li data-sourcepos=\"24:1-25:0\">\n<p data-sourcepos=\"24:3-24:76\">Die Erhaltung der Biokapazit\u00e4t durch die Nutzung von Solar-Minigrids und -Lampen.<\/p>\n<\/li>\n<li data-sourcepos=\"26:1-27:0\">\n<p data-sourcepos=\"26:3-26:168\">For example in national parks such as the Kruger National Park, Okavango Delta and Masai Mara. The ratio of required to available area is a measure of sustainability.<\/p>\n<\/li>\n<\/ul>\n<style>\/*! elementor - v3.19.0 - 07-02-2024 *\/\n.elementor-widget-image{text-align:center}.elementor-widget-image a{display:inline-block}.elementor-widget-image a img[src$=\".svg\"]{width:48px}.elementor-widget-image img{vertical-align:middle;display:inline-block}<\/style>\n<p>\t\t\t\t\t\t\t\t\t\t<img loading=\"lazy\" decoding=\"async\" width=\"841\" height=\"534\" src=\"http:\/\/now3.de\/wp-content\/uploads\/2020\/03\/img-41.jpg\" alt=\"\" srcset=\"https:\/\/now3.de\/wp-content\/uploads\/2020\/03\/img-41.jpg 841w, https:\/\/now3.de\/wp-content\/uploads\/2020\/03\/img-41-300x190.jpg 300w, https:\/\/now3.de\/wp-content\/uploads\/2020\/03\/img-41-768x488.jpg 768w, https:\/\/now3.de\/wp-content\/uploads\/2020\/03\/img-41-770x489.jpg 770w\" sizes=\"auto, (max-width: 841px) 100vw, 841px\" data-id=\"45\" \/>\t\t\t\t\t\t\t\t\t\t\t\t\t<\/p>\n<style>\/*! elementor - v3.19.0 - 07-02-2024 *\/\n.elementor-column .elementor-spacer-inner{height:var(--spacer-size)}.e-con{--container-widget-width:100%}.e-con-inner>.elementor-widget-spacer,.e-con>.elementor-widget-spacer{width:var(--container-widget-width,var(--spacer-size));--align-self:var(--container-widget-align-self,initial);--flex-shrink:0}.e-con-inner>.elementor-widget-spacer>.elementor-widget-container,.e-con>.elementor-widget-spacer>.elementor-widget-container{height:100%;width:100%}.e-con-inner>.elementor-widget-spacer>.elementor-widget-container>.elementor-spacer,.e-con>.elementor-widget-spacer>.elementor-widget-container>.elementor-spacer{height:100%}.e-con-inner>.elementor-widget-spacer>.elementor-widget-container>.elementor-spacer>.elementor-spacer-inner,.e-con>.elementor-widget-spacer>.elementor-widget-container>.elementor-spacer>.elementor-spacer-inner{height:var(--container-widget-height,var(--spacer-size))}.e-con-inner>.elementor-widget-spacer.elementor-widget-empty,.e-con>.elementor-widget-spacer.elementor-widget-empty{position:relative;min-height:22px;min-width:22px}.e-con-inner>.elementor-widget-spacer.elementor-widget-empty .elementor-widget-empty-icon,.e-con>.elementor-widget-spacer.elementor-widget-empty .elementor-widget-empty-icon{position:absolute;top:0;bottom:0;left:0;right:0;margin:auto;padding:0;width:22px;height:22px}<\/style>\n<h1>\n\t\t\t\tGESCHICHTE<br \/>\n\t\t\t<\/h1>\n<h5>\n\t\t\t\tNACHHALTIGKEIT IM ZEITVERLAUF<br \/>\n\t\t\t<\/h5>\n<p>\t\tSince 2007, our founder, Arkadiusz Lis, has been working in the field of sustainable development. Over time, the topic of sustainability has become increasingly prominent in politics and society. Consequently, there are continually rising demands on companies, challenges that we, as a solution-oriented service provider, are equipped to handle with our experience and commitment.<br \/>\n\t\t\t01\t\t\t<\/p>\n<h2>\n\t\t\t\t\t\tInnovation und Technologie<br \/>\n\t\t\t\t\t<\/h2>\n<p>\t\t\t\t\t\t\t\t\t\t\t\tNow3 steht an der Spitze der Solarinnovation und nutzt Spitzentechnologie, um die Effizienz und Erschwinglichkeit unserer Solarl\u00f6sungen zu verbessern. \t\t\t\t\t\t\t<!-- .cspt-ihbox-contents --><br \/>\n\t\t\t02\t\t\t<\/p>\n<h2>\n\t\t\t\t\t\tQualit\u00e4t und Zuverl\u00e4ssigkeit<br \/>\n\t\t\t\t\t<\/h2>\n<p>\t\t\t\t\t\t\t\t\t\t\t\tWe understand the importance of reliability in the energy sector. That&#8217;s why Now3 Solar Energy is committed to delivering high-quality, durable solar products and systems.\t\t\t\t\t\t\t<!-- .cspt-ihbox-contents --><br \/>\n\t\t\t03\t\t\t<\/p>\n<h2>\n\t\t\t\t\t\tKundenorientierter Ansatz<br \/>\n\t\t\t\t\t<\/h2>\n<p>\t\t\t\t\t\t\t\t\t\t\t\tBei Now3 stehen unsere Kunden im Mittelpunkt unseres Handelns. Wir glauben an den Aufbau starker, langfristiger Beziehungen, die auf Vertrauen und Transparenz basieren. \t\t\t\t\t\t\t<!-- .cspt-ihbox-contents --><\/p>\n<h5>\n\t\t\t\tUnterst\u00fctzung der Entwicklung der technologischen Zukunft Afrikas auf Augenh\u00f6he<br \/>\n\t\t\t<\/h5>\n<p>Gemeinsam mit unseren afrikanischen Partnern wollen wir uns f\u00fcr eine globale Transformation hin zu einem w\u00fcrdevollen und sicheren Leben f\u00fcr alle in einer gesunden Umwelt einsetzen!<\/p>\n<p>Afrika ist ein Kontinent extremer Vielfalt, geografisch, kulturell, politisch, wirtschaftlich und historisch. Die hohe Dynamik, die in allen afrikanischen L\u00e4ndern herrscht, ist st\u00e4rker als je zuvor. Bis zur Mitte dieses Jahrhunderts k\u00f6nnte Afrika rund zweieinhalb Milliarden Einwohner haben und damit ein Viertel der Weltbev\u00f6lkerung ausmachen. Das Bev\u00f6lkerungswachstum wird vor allem in st\u00e4dtischen Gebieten stark ansteigen: Prognosen zufolge soll sich die Zahl der Stadtbewohner verdreifachen und die Zahl der Megacities verf\u00fcnffachen.<\/p>\n<p>Doch nicht nur die Urbanisierung wird immer weiter vorangetrieben, auch die Mittelschicht w\u00e4chst rasant. Damit verbunden sind steigende Einkommen, die wiederum einen erh\u00f6hten Konsum ausl\u00f6sen. Dies bringt langfristige Investitionen in Bildung und ein h\u00f6heres Bildungsniveau und damit auch eine h\u00f6here Attraktivit\u00e4t als Produktionsstandort mit sich<\/p>\n<p>\t\t\t\t\t\t\t\t\t\t\t\t\t<img loading=\"lazy\" decoding=\"async\" width=\"847\" height=\"1013\" src=\"http:\/\/now3.de\/wp-content\/uploads\/2024\/01\/vecteezy_doodle-freehand-drawing-of-africa-map_13079179-856x1024.png\" alt=\"\" srcset=\"https:\/\/now3.de\/wp-content\/uploads\/2024\/01\/vecteezy_doodle-freehand-drawing-of-africa-map_13079179-856x1024.png 856w, https:\/\/now3.de\/wp-content\/uploads\/2024\/01\/vecteezy_doodle-freehand-drawing-of-africa-map_13079179-251x300.png 251w, https:\/\/now3.de\/wp-content\/uploads\/2024\/01\/vecteezy_doodle-freehand-drawing-of-africa-map_13079179-768x918.png 768w, https:\/\/now3.de\/wp-content\/uploads\/2024\/01\/vecteezy_doodle-freehand-drawing-of-africa-map_13079179-1284x1536.png 1284w, https:\/\/now3.de\/wp-content\/uploads\/2024\/01\/vecteezy_doodle-freehand-drawing-of-africa-map_13079179-1712x2048.png 1712w, https:\/\/now3.de\/wp-content\/uploads\/2024\/01\/vecteezy_doodle-freehand-drawing-of-africa-map_13079179-10x12.png 10w, https:\/\/now3.de\/wp-content\/uploads\/2024\/01\/vecteezy_doodle-freehand-drawing-of-africa-map_13079179-770x921.png 770w\" sizes=\"auto, (max-width: 847px) 100vw, 847px\" data-id=\"373\" \/>\t\t\t\t\t\t\t\t\t\t\t\t\t<\/p>\n<p>Dar\u00fcber hinaus verf\u00fcgt Afrika \u00fcber ein immenses Potenzial f\u00fcr erneuerbare Energien und landwirtschaftliche Produktion, strategisch wichtige Rohstoffe und wachsende Absatzm\u00e4rkte. Die wachsende Bev\u00f6lkerung ben\u00f6tigt eine zuverl\u00e4ssige und nachhaltige Stromversorgung, die durch Photovoltaikanlagen sichergestellt werden kann. Dar\u00fcber hinaus sind viele neue Besch\u00e4ftigungsm\u00f6glichkeiten f\u00fcr die sehr junge Gesellschaft, die jedes Jahr rund 25 Millionen neue Arbeitspl\u00e4tze ben\u00f6tigt, von absoluter Bedeutung. Dazu bieten neue Technologien wie Photovoltaik und Elektromobilit\u00e4t eine Plattform f\u00fcr einen technologischen und soziologischen Wandel auf dem afrikanischen Kontinent.<\/p>\n<h2>\n\t\t\t\tEine gr\u00fcnere Zukunft f\u00fcr alle<br \/>\n\t\t\t<\/h2>\n<p>Die Entscheidung f\u00fcr Solarenergie verringert die CO2-Emissionen im Vergleich zu traditionellen Energiequellen erheblich. Mit der Wahl von Now3 tragen Sie zu einer saubereren Atmosph\u00e4re und einem ges\u00fcnderen Planeten bei und leisten einen positiven Beitrag zum globalen Kampf gegen den Klimawandel.<\/p>\n<style>\/*! elementor - v3.19.0 - 07-02-2024 *\/\n.elementor-widget-progress{text-align:left}.elementor-progress-wrapper{position:relative;background-color:#eee;color:#fff;height:100%;border-radius:2px}.elementor-progress-bar{display:flex;background-color:#69727d;width:0;font-size:11px;height:30px;line-height:30px;border-radius:2px;transition:width 1s ease-in-out}.elementor-progress-text{flex-grow:1;white-space:nowrap;text-overflow:ellipsis;overflow:hidden;padding-left:15px}.elementor-progress-percentage{padding-right:15px}.elementor-widget-progress .elementor-progress-wrapper.progress-info .elementor-progress-bar{background-color:#5bc0de}.elementor-widget-progress .elementor-progress-wrapper.progress-success .elementor-progress-bar{background-color:#5cb85c}.elementor-widget-progress .elementor-progress-wrapper.progress-warning .elementor-progress-bar{background-color:#f0ad4e}.elementor-widget-progress .elementor-progress-wrapper.progress-danger .elementor-progress-bar{background-color:#d9534f}.elementor-progress .elementor-title{display:block}@media (max-width:767px){.elementor-progress-text{padding-left:10px}}.e-con-inner .elementor-progress-wrapper,.e-con .elementor-progress-wrapper{height:auto}<\/style>\n<p>\t\t\t\tEntwicklung<br \/>\n\t\t\t\t\t\t\t\t\t90%<br \/>\n\t\t\t\tEntwurf<br \/>\n\t\t\t\t\t\t\t\t\t80%<br \/>\n\t\t\t\tVermarktung<br \/>\n\t\t\t\t\t\t\t\t\t70%<br \/>\n\t\t\t<div class=\"wrap_svl_center\">\r\n\t<div class=\"wrap_svl_center_box\">\r\n\t<div class=\"wrap_svl\" id=\"body_drag_262\">\r\n\t\t<div class=\"images_wrap\">\r\n                            <img decoding=\"async\" src=\"http:\/\/now3.de\/wp-content\/uploads\/2022\/02\/tool-map.png\" alt=\"\">\r\n            \t\t<\/div>\t\r\n\t\t \t\t \t\t \r\n\t\t  \t\t \t\r\n\t <\/div>\r\n\t <\/div>\r\n\t <\/div>\n<h4>\n\t\t\t\t\t500<br \/>\n\t\t\t<sup>+<\/sup><br \/>\n\t\t<\/h4>\n<h3>Weltweite Kunden<br \/><\/h3>\n<p><!-- .cspt-fld-contents --><\/p>\n<h4>\n\t\t\t\t\t16<br \/>\n\t\t\t<sup>+<\/sup><br \/>\n\t\t<\/h4>\n<h3>Projekte Pro Monat<br \/><\/h3>\n<p><!-- .cspt-fld-contents --><\/p>\n<h4>\n\t\t\t\t\t1050<br \/>\n\t\t\t<sup>+<\/sup><br \/>\n\t\t<\/h4>\n<h3>Abgeschlosse Projekte<br \/><\/h3>\n<p><!-- .cspt-fld-contents --><\/p>\n<h4>\n\t\t\t\t\t250<br \/>\n\t\t\t<sup>+<\/sup><br \/>\n\t\t<\/h4>\n<h3>Projektrealisierungen von Planung bis Umsetzung<br \/><\/h3>\n<p><!-- .cspt-fld-contents --><\/p>","protected":false},"excerpt":{"rendered":"<p>Innovation at the Core Now3 Solar Energy, where innovation meets sustainability to power a brighter, cleaner future. Established with a vision to revolutionize the energy landscape, Now3 Solar Energy is committed to harnessing the limitless power of the sun to create a sustainable and eco-friendly world. Clean and Renewable Energy Solar energy is a clean and renewable source of power. By harnessing the sun&#8217;s rays, we reduce our reliance on[&hellip;]<\/p>","protected":false},"author":1,"featured_media":0,"parent":0,"menu_order":11,"comment_status":"closed","ping_status":"closed","template":"","meta":{"_acf_changed":false,"om_disable_all_campaigns":false,"_monsterinsights_skip_tracking":false,"_monsterinsights_sitenote_active":false,"_monsterinsights_sitenote_note":"","_monsterinsights_sitenote_category":0,"footnotes":""},"class_list":["post-83","page","type-page","status-publish","hentry"],"acf":[],"aioseo_notices":[],"_links":{"self":[{"href":"https:\/\/now3.de\/de\/wp-json\/wp\/v2\/pages\/83","targetHints":{"allow":["GET"]}}],"collection":[{"href":"https:\/\/now3.de\/de\/wp-json\/wp\/v2\/pages"}],"about":[{"href":"https:\/\/now3.de\/de\/wp-json\/wp\/v2\/types\/page"}],"author":[{"embeddable":true,"href":"https:\/\/now3.de\/de\/wp-json\/wp\/v2\/users\/1"}],"replies":[{"embeddable":true,"href":"https:\/\/now3.de\/de\/wp-json\/wp\/v2\/comments?post=83"}],"version-history":[{"count":43,"href":"https:\/\/now3.de\/de\/wp-json\/wp\/v2\/pages\/83\/revisions"}],"predecessor-version":[{"id":527,"href":"https:\/\/now3.de\/de\/wp-json\/wp\/v2\/pages\/83\/revisions\/527"}],"wp:attachment":[{"href":"https:\/\/now3.de\/de\/wp-json\/wp\/v2\/media?parent=83"}],"curies":[{"name":"wp","href":"https:\/\/api.w.org\/{rel}","templated":true}]}}